{"id":549,"date":"2019-06-14T11:12:58","date_gmt":"2019-06-14T11:12:58","guid":{"rendered":"http:\/\/uptime.tommusdemos.wpengine.com\/?page_id=549"},"modified":"2024-09-30T23:36:45","modified_gmt":"2024-09-30T23:36:45","slug":"home-mobile-app","status":"publish","type":"page","link":"https:\/\/lldmnow.com\/himnario\/","title":{"rendered":"Himnario Lldm"},"content":{"rendered":"\t\t<div data-elementor-type=\"wp-post\" data-elementor-id=\"549\" class=\"elementor elementor-549\">\n\t\t\t\t\t\t<section class=\"elementor-section elementor-top-section elementor-element elementor-element-09b9f4d elementor-section-full_width elementor-section-stretched elementor-section-height-default elementor-section-height-default\" data-id=\"09b9f4d\" data-element_type=\"section\" data-settings=\"{&quot;stretch_section&quot;:&quot;section-stretched&quot;}\">\n\t\t\t\t\t\t<div class=\"elementor-container elementor-column-gap-no\">\n\t\t\t\t\t<div class=\"elementor-column elementor-col-100 elementor-top-column elementor-element elementor-element-73d5aef\" data-id=\"73d5aef\" data-element_type=\"column\">\n\t\t\t<div class=\"elementor-widget-wrap elementor-element-populated\">\n\t\t\t\t\t\t<div class=\"elementor-element elementor-element-ae5a8c5 elementor-widget elementor-widget-shortcode\" data-id=\"ae5a8c5\" data-element_type=\"widget\" data-widget_type=\"shortcode.default\">\n\t\t\t\t<div class=\"elementor-widget-container\">\n\t\t\t\t\t\t\t<div class=\"elementor-shortcode\"><div class=\"_df_book df-lite\" id=\"df_1396\"  _slug=\"himnario-lldm\" data-title=\"himnario-lldm\" wpoptions=\"true\" thumb=\"https:\/\/lldmnow.com\/himnario\/wp-content\/uploads\/2021\/02\/himnario-lldm.jpg\" thumbtype=\"\" ><\/div><script class=\"df-shortcode-script\" nowprocket type=\"application\/javascript\">window.option_df_1396 = {\"outline\":[],\"backgroundColor\":\"#FFFFFF\",\"autoEnableOutline\":\"false\",\"autoEnableThumbnail\":\"false\",\"overwritePDFOutline\":\"false\",\"enableDownload\":\"false\",\"direction\":\"1\",\"pageSize\":\"1\",\"pageMode\":\"1\",\"singlePageMode\":\"0\",\"soundEnable\":\"false\",\"source\":\"https:\\\/\\\/lldmnow.com\\\/himnario\\\/wp-content\\\/uploads\\\/2021\\\/02\\\/Himnario.pdf\",\"wpOptions\":\"true\"}; if(window.DFLIP && window.DFLIP.parseBooks){window.DFLIP.parseBooks();}<\/script><\/div>\n\t\t\t\t\t\t<\/div>\n\t\t\t\t<\/div>\n\t\t\t\t<div class=\"elementor-element elementor-element-ede25ca elementor-widget elementor-widget-html\" data-id=\"ede25ca\" data-element_type=\"widget\" data-widget_type=\"html.default\">\n\t\t\t\t<div class=\"elementor-widget-container\">\n\t\t\t\t\t<script async src=\"https:\/\/pagead2.googlesyndication.com\/pagead\/js\/adsbygoogle.js?client=ca-pub-7406989271035440\"\n     crossorigin=\"anonymous\"><\/script>\n<!-- Cuartos Frios News -->\n<ins class=\"adsbygoogle\"\n     style=\"display:inline-block;width:320px;height:50px\"\n     data-ad-client=\"ca-pub-7406989271035440\"\n     data-ad-slot=\"3472424111\"><\/ins>\n<script>\n     (adsbygoogle = window.adsbygoogle || []).push({});\n<\/script>\t\t\t\t<\/div>\n\t\t\t\t<\/div>\n\t\t\t\t\t<\/div>\n\t\t<\/div>\n\t\t\t\t\t<\/div>\n\t\t<\/section>\n\t\t\t\t<section class=\"elementor-section elementor-top-section elementor-element elementor-element-31d627b elementor-section-boxed elementor-section-height-default elementor-section-height-default\" data-id=\"31d627b\" data-element_type=\"section\">\n\t\t\t\t\t\t<div class=\"elementor-container elementor-column-gap-default\">\n\t\t\t\t\t<div class=\"elementor-column elementor-col-100 elementor-top-column elementor-element elementor-element-dc6de8e\" data-id=\"dc6de8e\" data-element_type=\"column\">\n\t\t\t<div class=\"elementor-widget-wrap elementor-element-populated\">\n\t\t\t\t\t\t<div class=\"elementor-element elementor-element-9fdec99 elementor-widget elementor-widget-text-editor\" data-id=\"9fdec99\" data-element_type=\"widget\" data-widget_type=\"text-editor.default\">\n\t\t\t\t<div class=\"elementor-widget-container\">\n\t\t\t\t\t\t\t\t\t<h1 class=\"display-4\" style=\"text-align: center;\">Himnario La Luz del Mundo.<\/h1><p class=\"lead\" style=\"text-align: center;\">Ahora puedes ver el himnario Lldm desde tu celular sin descargar ninguna app.<\/p>\t\t\t\t\t\t\t\t<\/div>\n\t\t\t\t<\/div>\n\t\t\t\t\t<\/div>\n\t\t<\/div>\n\t\t\t\t\t<\/div>\n\t\t<\/section>\n\t\t\t\t<section class=\"elementor-section elementor-top-section elementor-element elementor-element-b3f1cf8 elementor-section-boxed elementor-section-height-default elementor-section-height-default\" data-id=\"b3f1cf8\" data-element_type=\"section\">\n\t\t\t\t\t\t<div class=\"elementor-container elementor-column-gap-default\">\n\t\t\t\t\t<div class=\"elementor-column elementor-col-100 elementor-top-column elementor-element elementor-element-1e29dd8\" data-id=\"1e29dd8\" data-element_type=\"column\">\n\t\t\t<div class=\"elementor-widget-wrap elementor-element-populated\">\n\t\t\t\t\t\t<div class=\"elementor-element elementor-element-33d0a2f elementor-widget elementor-widget-text-editor\" data-id=\"33d0a2f\" data-element_type=\"widget\" data-widget_type=\"text-editor.default\">\n\t\t\t\t<div class=\"elementor-widget-container\">\n\t\t\t\t\t\t\t\t\t<h2 style=\"text-align: center;\">Historia del Himnario La Luz del Mundo<\/h2><p>\u00a0<\/p><p>En los primeros a\u00f1os de la restauraci\u00f3n, la Iglesia se reun\u00eda a adorar a nuestro Dios, cantando alabanzas y recordando las ense\u00f1anzas de Jesucristo.<\/p><p>En la d\u00e9cada de los a\u00f1os 30, la palabra de Dios se extend\u00eda no s\u00f3lo en Guadalajara, sino tambi\u00e9n a varias ciudades en M\u00e9xico; en todos los casos, los hermanos se congregaban para entonar alabanzas y despu\u00e9s reflexionar sobre la escritura.<\/p><p>\u00a0<\/p><p>Por aquellos a\u00f1os, no exist\u00eda un himnario propio, sino que los cantos se tomaban de uno denominado \u201cCantos de Victoria ,y en su mayor\u00eda eran himnos de corte evang\u00e9lico, donde se mencionaba la grandeza de Dios, su poder y misericordia.<\/p><p>\u00a0<\/p><p>En 1934, ya establecida la Iglesia en el templo de la calle Jos\u00e9 Mar\u00eda G\u00f3mez, conocida tambi\u00e9n como la calle 46, en la finca marcada con el n\u00famero 224, Dios tuvo a bien manifestar los primeros himnos a varias de las hermanas. Entre los primeros himnos manifestados por Dios a los fieles se recuerda: \u201cA ti s\u00f3lo nuestro Rey\u201d.<\/p><p>\u00a0<\/p><p>Cuando las hermanas sent\u00edan la bendici\u00f3n de Dios a trav\u00e9s del canto, comenzaban a entonar estas alabanzas, r\u00e1pidamente otras hermanas anotaban el himno en una libreta; \u00e9ste Posteriormente se escrib\u00eda a mano en unas hojitas de papel que Por lo regular se anexaban al himnario de \u00ab\u201dCantos de Victoria\u201d.<\/p><p>\u00a0<\/p><p>Poco a poco Dios bendijo a su Iglesia con muchos himnos; tanto en hermanos como en hermanas se manifest\u00f3 aquella bendici\u00f3n del Se\u00f1or.<\/p><p>\u00a0<\/p><p>Todos los hermanos eran cuidadosos de tener consigo los himnos que Dios iba manifestando a la congregaci\u00f3n y asi, cuando presid\u00edan una consagraci\u00f3n invitaban a la Iglesia a entonar una alabanza de un peque\u00f1o himnario cosido con hilo y aguja por los hermanos, los cuales con esmero aprend\u00edan las melod\u00edas de cada uno de los cantos.<\/p><p>\u00a0<\/p><p>Posteriormente los himnos se mecanografiaban y se form\u00f3 un pequeno cuadernillo, confeccionado de manera modesta y r\u00fastica por los hermanos.<\/p><p>\u00a0<\/p><p>Para la d\u00e9cada de los a\u00f1os 40, se contaba con numerosos himnos e incluso salmos que tambi\u00e9n se entonaban, siendo una de las primeras ediciones un himnario editado en la ciudad de M\u00e9xico, D.F. denominado: Himnario Cristiano Espiritual, La Luz del Mundo, del que se recuerdan los himnos 47, 67, 148, 150, (primera versi\u00f3n) entre otros m\u00e1s.<\/p><p>\u00a0<\/p><p>En 1971, se adquiri\u00f3 una m\u00e1quina Offset marca Multilith. modelo 1250, en la cual se imprimi\u00f3 el himnario de manera m\u00e1s profesional y a gran tiraje.<\/p><p>\u00a0<\/p><p>Al mismo tiempo, surgi\u00f3 la necesidad de clasificar los himnos tem\u00e1ticamente, labor que realiz\u00f3 el hermano Alfonso Herrera Garc\u00eda, quien dividi\u00f3 el himnario por temas y alfab\u00e9ticamente, como tambi\u00e9n asign\u00f3 un texto de referencia b\u00edblica para cada himno. Desde la d\u00e9cada de los 90, el himnario se ha venido confeccionando, agregando cantos adicionales y salmos, hasta Llegar a la edici\u00f3n que hoy tiene usted en sus manos.<\/p>\t\t\t\t\t\t\t\t<\/div>\n\t\t\t\t<\/div>\n\t\t\t\t\t<\/div>\n\t\t<\/div>\n\t\t\t\t\t<\/div>\n\t\t<\/section>\n\t\t\t\t<\/div>\n\t\t","protected":false},"excerpt":{"rendered":"Himnario La Luz del Mundo. Ahora puedes ver el himnario Lldm desde tu celular sin descargar ninguna app.&hellip;","protected":false},"author":1,"featured_media":0,"parent":0,"menu_order":0,"comment_status":"closed","ping_status":"closed","template":"elementor_canvas","meta":{"_acf_changed":false,"csco_display_header_overlay":false,"csco_singular_sidebar":"","csco_page_header_type":"","csco_page_load_nextpost":"","csco_post_video_location":[],"csco_post_video_location_hash":"","csco_post_video_url":"","csco_post_video_bg_start_time":0,"csco_post_video_bg_end_time":0,"footnotes":""},"class_list":{"0":"post-549","1":"page","2":"type-page","3":"status-publish","5":"cs-entry","6":"cs-video-wrap"},"acf":[],"yoast_head":"<!-- This site is optimized with the Yoast SEO plugin v24.7 - https:\/\/yoast.com\/wordpress\/plugins\/seo\/ -->\n<title>Himnario Lldm (La Luz del Mundo)<\/title>\n<meta name=\"description\" content=\"Himnario Lldm (La Luz del Mundo): Ahora puedes ver el himnario Lldm desde tu celular sin necesidad de descargar ninguna app a tu Smartphone.\" \/>\n<meta name=\"robots\" content=\"index, follow, max-snippet:-1, max-image-preview:large, max-video-preview:-1\" \/>\n<link rel=\"canonical\" href=\"https:\/\/lldmnow.com\/himnario\/\" \/>\n<meta property=\"og:locale\" content=\"es_MX\" \/>\n<meta property=\"og:type\" content=\"article\" \/>\n<meta property=\"og:title\" content=\"Himnario Lldm (La Luz del Mundo)\" \/>\n<meta property=\"og:description\" content=\"Himnario Lldm (La Luz del Mundo): Ahora puedes ver el himnario Lldm desde tu celular sin necesidad de descargar ninguna app a tu Smartphone.\" \/>\n<meta property=\"og:url\" content=\"https:\/\/lldmnow.com\/himnario\/\" \/>\n<meta property=\"og:site_name\" content=\"Himnario Lldm\" \/>\n<meta property=\"article:modified_time\" content=\"2024-09-30T23:36:45+00:00\" \/>\n<meta property=\"og:image\" content=\"https:\/\/lldmnow.com\/himnario\/wp-content\/uploads\/2021\/02\/himnario-lldm.fw_.png\" \/>\n\t<meta property=\"og:image:width\" content=\"288\" \/>\n\t<meta property=\"og:image:height\" content=\"288\" \/>\n\t<meta property=\"og:image:type\" content=\"image\/png\" \/>\n<meta name=\"twitter:card\" content=\"summary_large_image\" \/>\n<meta name=\"twitter:title\" content=\"Himnario Lldm (La Luz del Mundo)\" \/>\n<meta name=\"twitter:description\" content=\"Himnario Lldm (La Luz del Mundo): Ahora puedes ver el himnario Lldm desde tu celular sin necesidad de descargar ninguna app a tu Smartphone.\" \/>\n<meta name=\"twitter:image\" content=\"https:\/\/i0.wp.com\/lldmnow.com\/himnario\/wp-content\/uploads\/2021\/02\/himnario-lldm.fw_.png?fit=288%2C288&ssl=1\" \/>\n<meta name=\"twitter:label1\" content=\"Tiempo de lectura\" \/>\n\t<meta name=\"twitter:data1\" content=\"3 minutos\" \/>\n<script type=\"application\/ld+json\" class=\"yoast-schema-graph\">{\"@context\":\"https:\/\/schema.org\",\"@graph\":[{\"@type\":\"WebPage\",\"@id\":\"https:\/\/lldmnow.com\/himnario\/\",\"url\":\"https:\/\/lldmnow.com\/himnario\/\",\"name\":\"Himnario Lldm (La Luz del Mundo)\",\"isPartOf\":{\"@id\":\"https:\/\/lldmnow.com\/himnario\/#website\"},\"datePublished\":\"2019-06-14T11:12:58+00:00\",\"dateModified\":\"2024-09-30T23:36:45+00:00\",\"description\":\"Himnario Lldm (La Luz del Mundo): Ahora puedes ver el himnario Lldm desde tu celular sin necesidad de descargar ninguna app a tu Smartphone.\",\"breadcrumb\":{\"@id\":\"https:\/\/lldmnow.com\/himnario\/#breadcrumb\"},\"inLanguage\":\"es\",\"potentialAction\":[{\"@type\":\"ReadAction\",\"target\":[\"https:\/\/lldmnow.com\/himnario\/\"]}]},{\"@type\":\"BreadcrumbList\",\"@id\":\"https:\/\/lldmnow.com\/himnario\/#breadcrumb\",\"itemListElement\":[{\"@type\":\"ListItem\",\"position\":1,\"name\":\"Inicio\",\"item\":\"https:\/\/lldmnow.com\/himnario\/\"},{\"@type\":\"ListItem\",\"position\":2,\"name\":\"Himnario Lldm\"}]},{\"@type\":\"WebSite\",\"@id\":\"https:\/\/lldmnow.com\/himnario\/#website\",\"url\":\"https:\/\/lldmnow.com\/himnario\/\",\"name\":\"Himnario Lldm\",\"description\":\"\",\"potentialAction\":[{\"@type\":\"SearchAction\",\"target\":{\"@type\":\"EntryPoint\",\"urlTemplate\":\"https:\/\/lldmnow.com\/himnario\/?s={search_term_string}\"},\"query-input\":{\"@type\":\"PropertyValueSpecification\",\"valueRequired\":true,\"valueName\":\"search_term_string\"}}],\"inLanguage\":\"es\"}]}<\/script>\n<!-- \/ Yoast SEO plugin. -->","yoast_head_json":{"title":"Himnario Lldm (La Luz del Mundo)","description":"Himnario Lldm (La Luz del Mundo): Ahora puedes ver el himnario Lldm desde tu celular sin necesidad de descargar ninguna app a tu Smartphone.","robots":{"index":"index","follow":"follow","max-snippet":"max-snippet:-1","max-image-preview":"max-image-preview:large","max-video-preview":"max-video-preview:-1"},"canonical":"https:\/\/lldmnow.com\/himnario\/","og_locale":"es_MX","og_type":"article","og_title":"Himnario Lldm (La Luz del Mundo)","og_description":"Himnario Lldm (La Luz del Mundo): Ahora puedes ver el himnario Lldm desde tu celular sin necesidad de descargar ninguna app a tu Smartphone.","og_url":"https:\/\/lldmnow.com\/himnario\/","og_site_name":"Himnario Lldm","article_modified_time":"2024-09-30T23:36:45+00:00","og_image":[{"width":288,"height":288,"url":"https:\/\/lldmnow.com\/himnario\/wp-content\/uploads\/2021\/02\/himnario-lldm.fw_.png","type":"image\/png"}],"twitter_card":"summary_large_image","twitter_title":"Himnario Lldm (La Luz del Mundo)","twitter_description":"Himnario Lldm (La Luz del Mundo): Ahora puedes ver el himnario Lldm desde tu celular sin necesidad de descargar ninguna app a tu Smartphone.","twitter_image":"https:\/\/i0.wp.com\/lldmnow.com\/himnario\/wp-content\/uploads\/2021\/02\/himnario-lldm.fw_.png?fit=288%2C288&ssl=1","twitter_misc":{"Tiempo de lectura":"3 minutos"},"schema":{"@context":"https:\/\/schema.org","@graph":[{"@type":"WebPage","@id":"https:\/\/lldmnow.com\/himnario\/","url":"https:\/\/lldmnow.com\/himnario\/","name":"Himnario Lldm (La Luz del Mundo)","isPartOf":{"@id":"https:\/\/lldmnow.com\/himnario\/#website"},"datePublished":"2019-06-14T11:12:58+00:00","dateModified":"2024-09-30T23:36:45+00:00","description":"Himnario Lldm (La Luz del Mundo): Ahora puedes ver el himnario Lldm desde tu celular sin necesidad de descargar ninguna app a tu Smartphone.","breadcrumb":{"@id":"https:\/\/lldmnow.com\/himnario\/#breadcrumb"},"inLanguage":"es","potentialAction":[{"@type":"ReadAction","target":["https:\/\/lldmnow.com\/himnario\/"]}]},{"@type":"BreadcrumbList","@id":"https:\/\/lldmnow.com\/himnario\/#breadcrumb","itemListElement":[{"@type":"ListItem","position":1,"name":"Inicio","item":"https:\/\/lldmnow.com\/himnario\/"},{"@type":"ListItem","position":2,"name":"Himnario Lldm"}]},{"@type":"WebSite","@id":"https:\/\/lldmnow.com\/himnario\/#website","url":"https:\/\/lldmnow.com\/himnario\/","name":"Himnario Lldm","description":"","potentialAction":[{"@type":"SearchAction","target":{"@type":"EntryPoint","urlTemplate":"https:\/\/lldmnow.com\/himnario\/?s={search_term_string}"},"query-input":{"@type":"PropertyValueSpecification","valueRequired":true,"valueName":"search_term_string"}}],"inLanguage":"es"}]}},"jetpack_sharing_enabled":true,"_links":{"self":[{"href":"https:\/\/lldmnow.com\/himnario\/wp-json\/wp\/v2\/pages\/549","targetHints":{"allow":["GET"]}}],"collection":[{"href":"https:\/\/lldmnow.com\/himnario\/wp-json\/wp\/v2\/pages"}],"about":[{"href":"https:\/\/lldmnow.com\/himnario\/wp-json\/wp\/v2\/types\/page"}],"author":[{"embeddable":true,"href":"https:\/\/lldmnow.com\/himnario\/wp-json\/wp\/v2\/users\/1"}],"replies":[{"embeddable":true,"href":"https:\/\/lldmnow.com\/himnario\/wp-json\/wp\/v2\/comments?post=549"}],"version-history":[{"count":114,"href":"https:\/\/lldmnow.com\/himnario\/wp-json\/wp\/v2\/pages\/549\/revisions"}],"predecessor-version":[{"id":1600,"href":"https:\/\/lldmnow.com\/himnario\/wp-json\/wp\/v2\/pages\/549\/revisions\/1600"}],"wp:attachment":[{"href":"https:\/\/lldmnow.com\/himnario\/wp-json\/wp\/v2\/media?parent=549"}],"curies":[{"name":"wp","href":"https:\/\/api.w.org\/{rel}","templated":true}]}}