{"id":12563,"date":"2024-07-18T10:28:10","date_gmt":"2024-07-18T16:28:10","guid":{"rendered":"https:\/\/lldmnow.com\/temasdoctrinales\/?page_id=12563"},"modified":"2024-07-18T10:28:13","modified_gmt":"2024-07-18T16:28:13","slug":"nosotros","status":"publish","type":"page","link":"https:\/\/lldmnow.com\/temasdoctrinales\/nosotros\/","title":{"rendered":"Nosotros"},"content":{"rendered":"\n<blockquote class=\"wp-block-quote is-layout-flow wp-block-quote-is-layout-flow\">\n<p>Estudios b\u00edblicos<\/p>\n<\/blockquote>\n\n\n\n<p>Sitio web de Estudio b\u00edblico de una Gran variedad de temas de\u00a0<a href=\"https:\/\/lldmnow.com\/temasdoctrinales\/#\">\u00a0la biblia<\/a>, la doctrina del Se\u00f1or Jesucristo predicada por sus ap\u00f3stoles desde el primer siglo de nuestra era. Exposiciones de ministros de la Iglesia La luz del Mundo sobr\u00e9 temas b\u00edblicos tales como: La fe, el amor de Dios, la esperanza, la paciencia, la salvaci\u00f3n, el nuevo pacto, la ley y cientos de estudio b\u00edblico para llenar de conocimiento del evangelio eterno de nuestro Se\u00f1or Jesucristo.<\/p>\n\n\n\n<p><strong>Descubre todo nuestro contenido, cada semana publicamos nuevos estudios b\u00edblicos en redes sociales y nuestra p\u00e1gina. Estudio b\u00edblico en audio<\/strong><\/p>\n","protected":false},"excerpt":{"rendered":"<p>Estudios b\u00edblicos Sitio web de Estudio b\u00edblico de una Gran variedad de temas de\u00a0\u00a0la biblia, la doctrina del Se\u00f1or Jesucristo predicada por sus ap\u00f3stoles desde el primer siglo de nuestra era. Exposiciones de ministros de la Iglesia La luz del Mundo sobr\u00e9 temas b\u00edblicos tales como: La fe, el amor de Dios, la esperanza, la [&#8230;]\n","protected":false},"author":1,"featured_media":0,"parent":0,"menu_order":0,"comment_status":"closed","ping_status":"closed","template":"","meta":{"episode_type":"","audio_file":"","podmotor_file_id":"","podmotor_episode_id":"","cover_image":"","cover_image_id":"","duration":"","filesize":"","filesize_raw":"","date_recorded":"","explicit":"","block":"","jetpack_post_was_ever_published":false,"footnotes":""},"class_list":["post-12563","page","type-page","status-publish","hentry"],"yoast_head":"<!-- This site is optimized with the Yoast SEO plugin v27.2 - https:\/\/yoast.com\/product\/yoast-seo-wordpress\/ -->\n<title>Nosotros - Temas Doctrinales<\/title>\n<meta name=\"robots\" content=\"index, follow, max-snippet:-1, max-image-preview:large, max-video-preview:-1\" \/>\n<link rel=\"canonical\" href=\"https:\/\/lldmnow.com\/temasdoctrinales\/nosotros\/\" \/>\n<meta property=\"og:locale\" content=\"es_ES\" \/>\n<meta property=\"og:type\" content=\"article\" \/>\n<meta property=\"og:title\" content=\"Nosotros - Temas Doctrinales\" \/>\n<meta property=\"og:description\" content=\"Estudios b\u00edblicos Sitio web de Estudio b\u00edblico de una Gran variedad de temas de\u00a0\u00a0la biblia, la doctrina del Se\u00f1or Jesucristo predicada por sus ap\u00f3stoles desde el primer siglo de nuestra era. Exposiciones de ministros de la Iglesia La luz del Mundo sobr\u00e9 temas b\u00edblicos tales como: La fe, el amor de Dios, la esperanza, la [...]\" \/>\n<meta property=\"og:url\" content=\"https:\/\/lldmnow.com\/temasdoctrinales\/nosotros\/\" \/>\n<meta property=\"og:site_name\" content=\"Temas Doctrinales\" \/>\n<meta property=\"article:modified_time\" content=\"2024-07-18T16:28:13+00:00\" \/>\n<meta name=\"twitter:card\" content=\"summary_large_image\" \/>\n<meta name=\"twitter:label1\" content=\"Tiempo de lectura\" \/>\n\t<meta name=\"twitter:data1\" content=\"1 minuto\" \/>\n<script type=\"application\/ld+json\" class=\"yoast-schema-graph\">{\"@context\":\"https:\/\/schema.org\",\"@graph\":[{\"@type\":\"WebPage\",\"@id\":\"https:\/\/lldmnow.com\/temasdoctrinales\/nosotros\/\",\"url\":\"https:\/\/lldmnow.com\/temasdoctrinales\/nosotros\/\",\"name\":\"Nosotros - Temas Doctrinales\",\"isPartOf\":{\"@id\":\"https:\/\/lldmnow.com\/temasdoctrinales\/#website\"},\"datePublished\":\"2024-07-18T16:28:10+00:00\",\"dateModified\":\"2024-07-18T16:28:13+00:00\",\"breadcrumb\":{\"@id\":\"https:\/\/lldmnow.com\/temasdoctrinales\/nosotros\/#breadcrumb\"},\"inLanguage\":\"es\",\"potentialAction\":[{\"@type\":\"ReadAction\",\"target\":[\"https:\/\/lldmnow.com\/temasdoctrinales\/nosotros\/\"]}]},{\"@type\":\"BreadcrumbList\",\"@id\":\"https:\/\/lldmnow.com\/temasdoctrinales\/nosotros\/#breadcrumb\",\"itemListElement\":[{\"@type\":\"ListItem\",\"position\":1,\"name\":\"Inicio\",\"item\":\"https:\/\/lldmnow.com\/temasdoctrinales\/\"},{\"@type\":\"ListItem\",\"position\":2,\"name\":\"Nosotros\"}]},{\"@type\":\"WebSite\",\"@id\":\"https:\/\/lldmnow.com\/temasdoctrinales\/#website\",\"url\":\"https:\/\/lldmnow.com\/temasdoctrinales\/\",\"name\":\"Temas Doctrinales\",\"description\":\"Diversos estudios b\u00edblicos Cristianos\",\"potentialAction\":[{\"@type\":\"SearchAction\",\"target\":{\"@type\":\"EntryPoint\",\"urlTemplate\":\"https:\/\/lldmnow.com\/temasdoctrinales\/?s={search_term_string}\"},\"query-input\":{\"@type\":\"PropertyValueSpecification\",\"valueRequired\":true,\"valueName\":\"search_term_string\"}}],\"inLanguage\":\"es\"}]}<\/script>\n<!-- \/ Yoast SEO plugin. -->","yoast_head_json":{"title":"Nosotros - Temas Doctrinales","robots":{"index":"index","follow":"follow","max-snippet":"max-snippet:-1","max-image-preview":"max-image-preview:large","max-video-preview":"max-video-preview:-1"},"canonical":"https:\/\/lldmnow.com\/temasdoctrinales\/nosotros\/","og_locale":"es_ES","og_type":"article","og_title":"Nosotros - Temas Doctrinales","og_description":"Estudios b\u00edblicos Sitio web de Estudio b\u00edblico de una Gran variedad de temas de\u00a0\u00a0la biblia, la doctrina del Se\u00f1or Jesucristo predicada por sus ap\u00f3stoles desde el primer siglo de nuestra era. Exposiciones de ministros de la Iglesia La luz del Mundo sobr\u00e9 temas b\u00edblicos tales como: La fe, el amor de Dios, la esperanza, la [...]","og_url":"https:\/\/lldmnow.com\/temasdoctrinales\/nosotros\/","og_site_name":"Temas Doctrinales","article_modified_time":"2024-07-18T16:28:13+00:00","twitter_card":"summary_large_image","twitter_misc":{"Tiempo de lectura":"1 minuto"},"schema":{"@context":"https:\/\/schema.org","@graph":[{"@type":"WebPage","@id":"https:\/\/lldmnow.com\/temasdoctrinales\/nosotros\/","url":"https:\/\/lldmnow.com\/temasdoctrinales\/nosotros\/","name":"Nosotros - Temas Doctrinales","isPartOf":{"@id":"https:\/\/lldmnow.com\/temasdoctrinales\/#website"},"datePublished":"2024-07-18T16:28:10+00:00","dateModified":"2024-07-18T16:28:13+00:00","breadcrumb":{"@id":"https:\/\/lldmnow.com\/temasdoctrinales\/nosotros\/#breadcrumb"},"inLanguage":"es","potentialAction":[{"@type":"ReadAction","target":["https:\/\/lldmnow.com\/temasdoctrinales\/nosotros\/"]}]},{"@type":"BreadcrumbList","@id":"https:\/\/lldmnow.com\/temasdoctrinales\/nosotros\/#breadcrumb","itemListElement":[{"@type":"ListItem","position":1,"name":"Inicio","item":"https:\/\/lldmnow.com\/temasdoctrinales\/"},{"@type":"ListItem","position":2,"name":"Nosotros"}]},{"@type":"WebSite","@id":"https:\/\/lldmnow.com\/temasdoctrinales\/#website","url":"https:\/\/lldmnow.com\/temasdoctrinales\/","name":"Temas Doctrinales","description":"Diversos estudios b\u00edblicos Cristianos","potentialAction":[{"@type":"SearchAction","target":{"@type":"EntryPoint","urlTemplate":"https:\/\/lldmnow.com\/temasdoctrinales\/?s={search_term_string}"},"query-input":{"@type":"PropertyValueSpecification","valueRequired":true,"valueName":"search_term_string"}}],"inLanguage":"es"}]}},"jetpack_sharing_enabled":true,"_links":{"self":[{"href":"https:\/\/lldmnow.com\/temasdoctrinales\/wp-json\/wp\/v2\/pages\/12563","targetHints":{"allow":["GET"]}}],"collection":[{"href":"https:\/\/lldmnow.com\/temasdoctrinales\/wp-json\/wp\/v2\/pages"}],"about":[{"href":"https:\/\/lldmnow.com\/temasdoctrinales\/wp-json\/wp\/v2\/types\/page"}],"author":[{"embeddable":true,"href":"https:\/\/lldmnow.com\/temasdoctrinales\/wp-json\/wp\/v2\/users\/1"}],"replies":[{"embeddable":true,"href":"https:\/\/lldmnow.com\/temasdoctrinales\/wp-json\/wp\/v2\/comments?post=12563"}],"version-history":[{"count":0,"href":"https:\/\/lldmnow.com\/temasdoctrinales\/wp-json\/wp\/v2\/pages\/12563\/revisions"}],"wp:attachment":[{"href":"https:\/\/lldmnow.com\/temasdoctrinales\/wp-json\/wp\/v2\/media?parent=12563"}],"curies":[{"name":"wp","href":"https:\/\/api.w.org\/{rel}","templated":true}]}}