{"id":9210,"date":"2022-03-16T19:59:39","date_gmt":"2022-03-16T19:59:39","guid":{"rendered":"https:\/\/lldmnow.com\/temasdoctrinales\/?page_id=9210"},"modified":"2024-09-26T03:41:28","modified_gmt":"2024-09-26T09:41:28","slug":"app","status":"publish","type":"page","link":"https:\/\/lldmnow.com\/temasdoctrinales\/app\/","title":{"rendered":"App"},"content":{"rendered":"\n\n\t<section class=\"section\" id=\"section_562139533\">\n\t\t<div class=\"section-bg fill\" >\n\t\t\t\t\t\t\t\t\t\n\t\t\t\n\n\t\t<\/div>\n\n\t\t\n\n\t\t<div class=\"section-content relative\">\n\t\t\t\n\n\t<div id=\"gap-1715526385\" class=\"gap-element clearfix\" style=\"display:block; height:auto;\">\n\t\t\n<style>\n#gap-1715526385 {\n  padding-top: 60px;\n}\n<\/style>\n\t<\/div>\n\t\n\n\t<div id=\"text-88588080\" class=\"text\">\n\t\t\n\n<h1><strong>App Temas Doctrinales y App Estudios b\u00edblicos<\/strong><\/h1>\n\t\t\n<style>\n#text-88588080 {\n  font-size: 1.45rem;\n  text-align: center;\n}\n<\/style>\n\t<\/div>\n\t\n\t<div id=\"gap-677596006\" class=\"gap-element clearfix\" style=\"display:block; height:auto;\">\n\t\t\n<style>\n#gap-677596006 {\n  padding-top: 60px;\n}\n<\/style>\n\t<\/div>\n\t\n\n<div class=\"row\"  id=\"row-212924986\">\n\n\n\t<div id=\"col-1801069352\" class=\"col medium-6 small-12 large-6\"  >\n\t\t\t\t<div class=\"col-inner\"  >\n\t\t\t\n\t\t\t\n\n<div class=\"container section-title-container\" ><h3 class=\"section-title section-title-normal\"><b><\/b><span class=\"section-title-main\" >App Android Play Store<\/span><b><\/b><\/h3><\/div>\n\n<p>Descarga la App de Estudios b\u00edblicos solo para tel\u00e9fonos android, accede a cientos de estudios b\u00edblicos en formato mp3 para reproducir desde la palma de su mano, encuentra estudios b\u00edblicos seg\u00fan el ministro o temas espec\u00edficos.<\/p>\n\n<a href=\"https:\/\/link.jalisco.app\/TD-play-store\" class=\"button primary lowercase\"  style=\"border-radius:99px;\">\n\t\t<span>Descagar App Android Play Store<\/span>\n\t<i class=\"icon-angle-right\" aria-hidden=\"true\" ><\/i><\/a>\n\n\n\n\t\t<\/div>\n\t\t\t\t\t<\/div>\n\n\t\n\n\t<div id=\"col-81257264\" class=\"col medium-6 small-12 large-6\"  >\n\t\t\t\t<div class=\"col-inner text-left\"  >\n\t\t\t\n\t\t\t\n\n<div class=\"container section-title-container\" ><h3 class=\"section-title section-title-normal\"><b><\/b><span class=\"section-title-main\" >App Android APK<\/span><b><\/b><\/h3><\/div>\n\n<p>Descarga la App de Estudios b\u00edblicos solo para tel\u00e9fonos android, accede a cientos de estudios b\u00edblicos en formato mp3 para reproducir desde la palma de su mano, encuentra estudios b\u00edblicos seg\u00fan el ministro o temas espec\u00edficos.<\/p>\n\n\t<div id=\"gap-1688611253\" class=\"gap-element clearfix\" style=\"display:block; height:auto;\">\n\t\t\n<style>\n#gap-1688611253 {\n  padding-top: 30px;\n}\n<\/style>\n\t<\/div>\n\t\n\n<a href=\"https:\/\/link.jalisco.app\/App-Estudios-biblicos\" class=\"button primary lowercase\"  style=\"border-radius:99px;\">\n\t\t<span>Descagar App Android APK<\/span>\n\t<i class=\"icon-angle-right\" aria-hidden=\"true\" ><\/i><\/a>\n\n\n\t<div id=\"gap-75753499\" class=\"gap-element clearfix\" style=\"display:block; height:auto;\">\n\t\t\n<style>\n#gap-75753499 {\n  padding-top: 30px;\n}\n<\/style>\n\t<\/div>\n\t\n\n<p><img loading=\"lazy\" decoding=\"async\" class=\"wp-image-3780 aligncenter embed-vis\" src=\"https:\/\/i0.wp.com\/lldmnow.com\/wp-content\/uploads\/2024\/09\/App-estudios-biblicos.png?resize=263%2C420&amp;ssl=1\" sizes=\"auto, (max-width: 263px) 100vw, 263px\" srcset=\"https:\/\/i0.wp.com\/lldmnow.com\/wp-content\/uploads\/2024\/09\/App-estudios-biblicos.png?w=302&amp;ssl=1 302w, https:\/\/i0.wp.com\/lldmnow.com\/wp-content\/uploads\/2024\/09\/App-estudios-biblicos.png?resize=188%2C300&amp;ssl=1 188w\" alt=\"\" width=\"263\" height=\"420\" data-recalc-dims=\"1\" \/><\/p>\n<p>\u00a0<\/p>\n<div class=\"post-title-container\">\n<h2 class=\"post-title\">C\u00f3mo instalar aplicaciones en APK en un m\u00f3vil Android<\/h2>\n<p data-mrf-recirculation=\"Article links\">Cada aplicaci\u00f3n desde la que abramos el APK requiere que le otorguemos el permiso para instalar aplicaciones. La parte positiva es que s\u00f3lo lo necesitamos otorgar la primera vez y despu\u00e9s el sistema lo recordar\u00e1. Estos son los pasos:<\/p>\n<ul>\n<li>\n<p data-mrf-recirculation=\"Article links\">Cuando descargamos un archivo APK, ser\u00e1 la aplicaci\u00f3n desde la que lo hagamos la que\u00a0<strong>nos advertir\u00e1 que est\u00e1 bloqueado el proceso<\/strong>.<\/p>\n<\/li>\n<li>\n<p data-mrf-recirculation=\"Article links\">En la zona inferior de la pantalla veremos un aviso indicando que\u00a0<strong>\u201cno se pueden instalar aplicaciones de or\u00edgenes desconocidos\u201d<\/strong>\u00a0y nos invita a entrar en los \u201cAjustes\u201d.<\/p>\n<\/li>\n<li>\n<p data-mrf-recirculation=\"Article links\">Dentro de la aplicaci\u00f3n buscamos el apartado\u00a0<strong>\u201cInstalar aplicaciones desconocidas\u201d<\/strong>\u00a0y activamos la casilla.<\/p>\n<\/li>\n<li>\n<p data-mrf-recirculation=\"Article links\">Desde ese momento,\u00a0<strong>esa aplicaci\u00f3n cuenta con permisos<\/strong>\u00a0a la hora de instalar aplicaciones externas.<\/p>\n<\/li>\n<\/ul>\n<p data-mrf-recirculation=\"Article links\"><strong>Estos pasos habr\u00e1 que repetirlos con cada una de las aplicaciones<\/strong>\u00a0desde las que queramos instalar un APK. Adem\u00e1s, puede que llegado el momento nos interese revocar ese permiso. Para llevar a cabo el proceso s\u00f3lo tenemos que seguir estos pasos.<\/p>\n<ul>\n<li>Abrir los\u00a0<strong>\u201cAjustes\u201d<\/strong>\u00a0del sistema o el apartado de\u00a0<strong>\u201cConfiguraci\u00f3n\u201d<\/strong>\u00a0en tu m\u00f3vil.<\/li>\n<\/ul>\n<\/div>\n\n\t\t<\/div>\n\t\t\t\t\t<\/div>\n\n\t\n\n<\/div>\n\n\t\t<\/div>\n\n\t\t\n<style>\n#section_562139533 {\n  padding-top: 30px;\n  padding-bottom: 30px;\n}\n<\/style>\n\t<\/section>\n\t\n\n","protected":false},"excerpt":{"rendered":"","protected":false},"author":1,"featured_media":0,"parent":0,"menu_order":0,"comment_status":"closed","ping_status":"closed","template":"","meta":{"episode_type":"","audio_file":"","podmotor_file_id":"","podmotor_episode_id":"","cover_image":"","cover_image_id":"","duration":"","filesize":"","filesize_raw":"","date_recorded":"","explicit":"","block":"","jetpack_post_was_ever_published":false,"footnotes":""},"class_list":["post-9210","page","type-page","status-publish","hentry"],"yoast_head":"<!-- This site is optimized with the Yoast SEO plugin v27.2 - https:\/\/yoast.com\/product\/yoast-seo-wordpress\/ -->\n<title>App - Temas Doctrinales<\/title>\n<meta name=\"robots\" content=\"index, follow, max-snippet:-1, max-image-preview:large, max-video-preview:-1\" \/>\n<link rel=\"canonical\" href=\"https:\/\/lldmnow.com\/temasdoctrinales\/app\/\" \/>\n<meta property=\"og:locale\" content=\"es_ES\" \/>\n<meta property=\"og:type\" content=\"article\" \/>\n<meta property=\"og:title\" content=\"App - Temas Doctrinales\" \/>\n<meta property=\"og:url\" content=\"https:\/\/lldmnow.com\/temasdoctrinales\/app\/\" \/>\n<meta property=\"og:site_name\" content=\"Temas Doctrinales\" \/>\n<meta property=\"article:modified_time\" content=\"2024-09-26T09:41:28+00:00\" \/>\n<meta property=\"og:image\" content=\"https:\/\/i0.wp.com\/lldmnow.com\/wp-content\/uploads\/2024\/09\/App-estudios-biblicos.png?resize=263%2C420&amp;ssl=1\" \/>\n<meta name=\"twitter:card\" content=\"summary_large_image\" \/>\n<meta name=\"twitter:label1\" content=\"Tiempo de lectura\" \/>\n\t<meta name=\"twitter:data1\" content=\"1 minuto\" \/>\n<script type=\"application\/ld+json\" class=\"yoast-schema-graph\">{\"@context\":\"https:\/\/schema.org\",\"@graph\":[{\"@type\":\"WebPage\",\"@id\":\"https:\/\/lldmnow.com\/temasdoctrinales\/app\/\",\"url\":\"https:\/\/lldmnow.com\/temasdoctrinales\/app\/\",\"name\":\"App - Temas Doctrinales\",\"isPartOf\":{\"@id\":\"https:\/\/lldmnow.com\/temasdoctrinales\/#website\"},\"primaryImageOfPage\":{\"@id\":\"https:\/\/lldmnow.com\/temasdoctrinales\/app\/#primaryimage\"},\"image\":{\"@id\":\"https:\/\/lldmnow.com\/temasdoctrinales\/app\/#primaryimage\"},\"thumbnailUrl\":\"https:\/\/i0.wp.com\/lldmnow.com\/wp-content\/uploads\/2024\/09\/App-estudios-biblicos.png?resize=263%2C420&amp;ssl=1\",\"datePublished\":\"2022-03-16T19:59:39+00:00\",\"dateModified\":\"2024-09-26T09:41:28+00:00\",\"breadcrumb\":{\"@id\":\"https:\/\/lldmnow.com\/temasdoctrinales\/app\/#breadcrumb\"},\"inLanguage\":\"es\",\"potentialAction\":[{\"@type\":\"ReadAction\",\"target\":[\"https:\/\/lldmnow.com\/temasdoctrinales\/app\/\"]}]},{\"@type\":\"ImageObject\",\"inLanguage\":\"es\",\"@id\":\"https:\/\/lldmnow.com\/temasdoctrinales\/app\/#primaryimage\",\"url\":\"https:\/\/i0.wp.com\/lldmnow.com\/wp-content\/uploads\/2024\/09\/App-estudios-biblicos.png?resize=263%2C420&amp;ssl=1\",\"contentUrl\":\"https:\/\/i0.wp.com\/lldmnow.com\/wp-content\/uploads\/2024\/09\/App-estudios-biblicos.png?resize=263%2C420&amp;ssl=1\"},{\"@type\":\"BreadcrumbList\",\"@id\":\"https:\/\/lldmnow.com\/temasdoctrinales\/app\/#breadcrumb\",\"itemListElement\":[{\"@type\":\"ListItem\",\"position\":1,\"name\":\"Inicio\",\"item\":\"https:\/\/lldmnow.com\/temasdoctrinales\/\"},{\"@type\":\"ListItem\",\"position\":2,\"name\":\"App\"}]},{\"@type\":\"WebSite\",\"@id\":\"https:\/\/lldmnow.com\/temasdoctrinales\/#website\",\"url\":\"https:\/\/lldmnow.com\/temasdoctrinales\/\",\"name\":\"Temas Doctrinales\",\"description\":\"Diversos estudios b\u00edblicos Cristianos\",\"potentialAction\":[{\"@type\":\"SearchAction\",\"target\":{\"@type\":\"EntryPoint\",\"urlTemplate\":\"https:\/\/lldmnow.com\/temasdoctrinales\/?s={search_term_string}\"},\"query-input\":{\"@type\":\"PropertyValueSpecification\",\"valueRequired\":true,\"valueName\":\"search_term_string\"}}],\"inLanguage\":\"es\"}]}<\/script>\n<!-- \/ Yoast SEO plugin. -->","yoast_head_json":{"title":"App - Temas Doctrinales","robots":{"index":"index","follow":"follow","max-snippet":"max-snippet:-1","max-image-preview":"max-image-preview:large","max-video-preview":"max-video-preview:-1"},"canonical":"https:\/\/lldmnow.com\/temasdoctrinales\/app\/","og_locale":"es_ES","og_type":"article","og_title":"App - Temas Doctrinales","og_url":"https:\/\/lldmnow.com\/temasdoctrinales\/app\/","og_site_name":"Temas Doctrinales","article_modified_time":"2024-09-26T09:41:28+00:00","og_image":[{"url":"https:\/\/i0.wp.com\/lldmnow.com\/wp-content\/uploads\/2024\/09\/App-estudios-biblicos.png?resize=263%2C420&amp;ssl=1","type":"","width":"","height":""}],"twitter_card":"summary_large_image","twitter_misc":{"Tiempo de lectura":"1 minuto"},"schema":{"@context":"https:\/\/schema.org","@graph":[{"@type":"WebPage","@id":"https:\/\/lldmnow.com\/temasdoctrinales\/app\/","url":"https:\/\/lldmnow.com\/temasdoctrinales\/app\/","name":"App - Temas Doctrinales","isPartOf":{"@id":"https:\/\/lldmnow.com\/temasdoctrinales\/#website"},"primaryImageOfPage":{"@id":"https:\/\/lldmnow.com\/temasdoctrinales\/app\/#primaryimage"},"image":{"@id":"https:\/\/lldmnow.com\/temasdoctrinales\/app\/#primaryimage"},"thumbnailUrl":"https:\/\/i0.wp.com\/lldmnow.com\/wp-content\/uploads\/2024\/09\/App-estudios-biblicos.png?resize=263%2C420&amp;ssl=1","datePublished":"2022-03-16T19:59:39+00:00","dateModified":"2024-09-26T09:41:28+00:00","breadcrumb":{"@id":"https:\/\/lldmnow.com\/temasdoctrinales\/app\/#breadcrumb"},"inLanguage":"es","potentialAction":[{"@type":"ReadAction","target":["https:\/\/lldmnow.com\/temasdoctrinales\/app\/"]}]},{"@type":"ImageObject","inLanguage":"es","@id":"https:\/\/lldmnow.com\/temasdoctrinales\/app\/#primaryimage","url":"https:\/\/i0.wp.com\/lldmnow.com\/wp-content\/uploads\/2024\/09\/App-estudios-biblicos.png?resize=263%2C420&amp;ssl=1","contentUrl":"https:\/\/i0.wp.com\/lldmnow.com\/wp-content\/uploads\/2024\/09\/App-estudios-biblicos.png?resize=263%2C420&amp;ssl=1"},{"@type":"BreadcrumbList","@id":"https:\/\/lldmnow.com\/temasdoctrinales\/app\/#breadcrumb","itemListElement":[{"@type":"ListItem","position":1,"name":"Inicio","item":"https:\/\/lldmnow.com\/temasdoctrinales\/"},{"@type":"ListItem","position":2,"name":"App"}]},{"@type":"WebSite","@id":"https:\/\/lldmnow.com\/temasdoctrinales\/#website","url":"https:\/\/lldmnow.com\/temasdoctrinales\/","name":"Temas Doctrinales","description":"Diversos estudios b\u00edblicos Cristianos","potentialAction":[{"@type":"SearchAction","target":{"@type":"EntryPoint","urlTemplate":"https:\/\/lldmnow.com\/temasdoctrinales\/?s={search_term_string}"},"query-input":{"@type":"PropertyValueSpecification","valueRequired":true,"valueName":"search_term_string"}}],"inLanguage":"es"}]}},"jetpack_sharing_enabled":true,"_links":{"self":[{"href":"https:\/\/lldmnow.com\/temasdoctrinales\/wp-json\/wp\/v2\/pages\/9210","targetHints":{"allow":["GET"]}}],"collection":[{"href":"https:\/\/lldmnow.com\/temasdoctrinales\/wp-json\/wp\/v2\/pages"}],"about":[{"href":"https:\/\/lldmnow.com\/temasdoctrinales\/wp-json\/wp\/v2\/types\/page"}],"author":[{"embeddable":true,"href":"https:\/\/lldmnow.com\/temasdoctrinales\/wp-json\/wp\/v2\/users\/1"}],"replies":[{"embeddable":true,"href":"https:\/\/lldmnow.com\/temasdoctrinales\/wp-json\/wp\/v2\/comments?post=9210"}],"version-history":[{"count":0,"href":"https:\/\/lldmnow.com\/temasdoctrinales\/wp-json\/wp\/v2\/pages\/9210\/revisions"}],"wp:attachment":[{"href":"https:\/\/lldmnow.com\/temasdoctrinales\/wp-json\/wp\/v2\/media?parent=9210"}],"curies":[{"name":"wp","href":"https:\/\/api.w.org\/{rel}","templated":true}]}}