{"id":9905,"date":"2022-07-06T02:28:39","date_gmt":"2022-07-06T07:28:39","guid":{"rendered":"https:\/\/lldmnow.com\/temasdoctrinales\/?page_id=9905"},"modified":"2024-09-18T20:01:57","modified_gmt":"2024-09-19T02:01:57","slug":"temario","status":"publish","type":"page","link":"https:\/\/lldmnow.com\/temasdoctrinales\/temario\/","title":{"rendered":"Temario"},"content":{"rendered":"<p style=\"text-align:center;\">Estudio b\u00edblico<\/p>\n<p>Corresponde a la Iglesia de Jesucristo cuidar y proteger su fe su doctrina y su orden<\/p>\n<p style=\"text-align:center;\">Domingo 15 de Septiembre del 2024<\/p>\n<p style=\"text-align:center;\"><a href=\"https:\/\/lldmnow.com\/temasdoctrinales\/corresponde-a-la-iglesia-de-jesucristo-cuidar-y-proteger-su-fe-su-doctrina-y-su-orden\/\">Ver tema<\/a><\/p>\n","protected":false},"excerpt":{"rendered":"<p>Estudio b\u00edblico Corresponde a la Iglesia de Jesucristo cuidar y proteger su fe su doctrina y su orden Domingo 15 de Septiembre del 2024 Ver tema<\/p>\n","protected":false},"author":1,"featured_media":0,"parent":0,"menu_order":0,"comment_status":"closed","ping_status":"closed","template":"","meta":{"episode_type":"","audio_file":"","podmotor_file_id":"","podmotor_episode_id":"","cover_image":"","cover_image_id":"","duration":"","filesize":"","filesize_raw":"","date_recorded":"","explicit":"","block":"","jetpack_post_was_ever_published":false,"footnotes":""},"class_list":["post-9905","page","type-page","status-publish","hentry"],"yoast_head":"<!-- This site is optimized with the Yoast SEO plugin v27.2 - https:\/\/yoast.com\/product\/yoast-seo-wordpress\/ -->\n<title>Temario - Temas Doctrinales<\/title>\n<meta name=\"description\" content=\"Temario Santa Cena Agosto 2022: Conoce los horarios de las oraciones v\u00eda transmisi\u00f3n \u00fanica y universal para toda la Iglesia del Se\u00f1or esparcida por todo el Mundo.\" \/>\n<meta name=\"robots\" content=\"index, follow, max-snippet:-1, max-image-preview:large, max-video-preview:-1\" \/>\n<link rel=\"canonical\" href=\"https:\/\/lldmnow.com\/temasdoctrinales\/temario\/\" \/>\n<meta property=\"og:locale\" content=\"es_ES\" \/>\n<meta property=\"og:type\" content=\"article\" \/>\n<meta property=\"og:title\" content=\"Temario - Temas Doctrinales\" \/>\n<meta property=\"og:description\" content=\"Temario Santa Cena Agosto 2022: Conoce los horarios de las oraciones v\u00eda transmisi\u00f3n \u00fanica y universal para toda la Iglesia del Se\u00f1or esparcida por todo el Mundo.\" \/>\n<meta property=\"og:url\" content=\"https:\/\/lldmnow.com\/temasdoctrinales\/temario\/\" \/>\n<meta property=\"og:site_name\" content=\"Temas Doctrinales\" \/>\n<meta property=\"article:modified_time\" content=\"2024-09-19T02:01:57+00:00\" \/>\n<meta name=\"twitter:card\" content=\"summary_large_image\" \/>\n<meta name=\"twitter:label1\" content=\"Tiempo de lectura\" \/>\n\t<meta name=\"twitter:data1\" content=\"1 minuto\" \/>\n<script type=\"application\/ld+json\" class=\"yoast-schema-graph\">{\"@context\":\"https:\/\/schema.org\",\"@graph\":[{\"@type\":\"WebPage\",\"@id\":\"https:\/\/lldmnow.com\/temasdoctrinales\/temario\/\",\"url\":\"https:\/\/lldmnow.com\/temasdoctrinales\/temario\/\",\"name\":\"Temario - Temas Doctrinales\",\"isPartOf\":{\"@id\":\"https:\/\/lldmnow.com\/temasdoctrinales\/#website\"},\"datePublished\":\"2022-07-06T07:28:39+00:00\",\"dateModified\":\"2024-09-19T02:01:57+00:00\",\"description\":\"Temario Santa Cena Agosto 2022: Conoce los horarios de las oraciones v\u00eda transmisi\u00f3n \u00fanica y universal para toda la Iglesia del Se\u00f1or esparcida por todo el Mundo.\",\"breadcrumb\":{\"@id\":\"https:\/\/lldmnow.com\/temasdoctrinales\/temario\/#breadcrumb\"},\"inLanguage\":\"es\",\"potentialAction\":[{\"@type\":\"ReadAction\",\"target\":[\"https:\/\/lldmnow.com\/temasdoctrinales\/temario\/\"]}]},{\"@type\":\"BreadcrumbList\",\"@id\":\"https:\/\/lldmnow.com\/temasdoctrinales\/temario\/#breadcrumb\",\"itemListElement\":[{\"@type\":\"ListItem\",\"position\":1,\"name\":\"Inicio\",\"item\":\"https:\/\/lldmnow.com\/temasdoctrinales\/\"},{\"@type\":\"ListItem\",\"position\":2,\"name\":\"Temario\"}]},{\"@type\":\"WebSite\",\"@id\":\"https:\/\/lldmnow.com\/temasdoctrinales\/#website\",\"url\":\"https:\/\/lldmnow.com\/temasdoctrinales\/\",\"name\":\"Temas Doctrinales\",\"description\":\"Diversos estudios b\u00edblicos Cristianos\",\"potentialAction\":[{\"@type\":\"SearchAction\",\"target\":{\"@type\":\"EntryPoint\",\"urlTemplate\":\"https:\/\/lldmnow.com\/temasdoctrinales\/?s={search_term_string}\"},\"query-input\":{\"@type\":\"PropertyValueSpecification\",\"valueRequired\":true,\"valueName\":\"search_term_string\"}}],\"inLanguage\":\"es\"}]}<\/script>\n<!-- \/ Yoast SEO plugin. -->","yoast_head_json":{"title":"Temario - Temas Doctrinales","description":"Temario Santa Cena Agosto 2022: Conoce los horarios de las oraciones v\u00eda transmisi\u00f3n \u00fanica y universal para toda la Iglesia del Se\u00f1or esparcida por todo el Mundo.","robots":{"index":"index","follow":"follow","max-snippet":"max-snippet:-1","max-image-preview":"max-image-preview:large","max-video-preview":"max-video-preview:-1"},"canonical":"https:\/\/lldmnow.com\/temasdoctrinales\/temario\/","og_locale":"es_ES","og_type":"article","og_title":"Temario - Temas Doctrinales","og_description":"Temario Santa Cena Agosto 2022: Conoce los horarios de las oraciones v\u00eda transmisi\u00f3n \u00fanica y universal para toda la Iglesia del Se\u00f1or esparcida por todo el Mundo.","og_url":"https:\/\/lldmnow.com\/temasdoctrinales\/temario\/","og_site_name":"Temas Doctrinales","article_modified_time":"2024-09-19T02:01:57+00:00","twitter_card":"summary_large_image","twitter_misc":{"Tiempo de lectura":"1 minuto"},"schema":{"@context":"https:\/\/schema.org","@graph":[{"@type":"WebPage","@id":"https:\/\/lldmnow.com\/temasdoctrinales\/temario\/","url":"https:\/\/lldmnow.com\/temasdoctrinales\/temario\/","name":"Temario - Temas Doctrinales","isPartOf":{"@id":"https:\/\/lldmnow.com\/temasdoctrinales\/#website"},"datePublished":"2022-07-06T07:28:39+00:00","dateModified":"2024-09-19T02:01:57+00:00","description":"Temario Santa Cena Agosto 2022: Conoce los horarios de las oraciones v\u00eda transmisi\u00f3n \u00fanica y universal para toda la Iglesia del Se\u00f1or esparcida por todo el Mundo.","breadcrumb":{"@id":"https:\/\/lldmnow.com\/temasdoctrinales\/temario\/#breadcrumb"},"inLanguage":"es","potentialAction":[{"@type":"ReadAction","target":["https:\/\/lldmnow.com\/temasdoctrinales\/temario\/"]}]},{"@type":"BreadcrumbList","@id":"https:\/\/lldmnow.com\/temasdoctrinales\/temario\/#breadcrumb","itemListElement":[{"@type":"ListItem","position":1,"name":"Inicio","item":"https:\/\/lldmnow.com\/temasdoctrinales\/"},{"@type":"ListItem","position":2,"name":"Temario"}]},{"@type":"WebSite","@id":"https:\/\/lldmnow.com\/temasdoctrinales\/#website","url":"https:\/\/lldmnow.com\/temasdoctrinales\/","name":"Temas Doctrinales","description":"Diversos estudios b\u00edblicos Cristianos","potentialAction":[{"@type":"SearchAction","target":{"@type":"EntryPoint","urlTemplate":"https:\/\/lldmnow.com\/temasdoctrinales\/?s={search_term_string}"},"query-input":{"@type":"PropertyValueSpecification","valueRequired":true,"valueName":"search_term_string"}}],"inLanguage":"es"}]}},"jetpack_sharing_enabled":true,"_links":{"self":[{"href":"https:\/\/lldmnow.com\/temasdoctrinales\/wp-json\/wp\/v2\/pages\/9905","targetHints":{"allow":["GET"]}}],"collection":[{"href":"https:\/\/lldmnow.com\/temasdoctrinales\/wp-json\/wp\/v2\/pages"}],"about":[{"href":"https:\/\/lldmnow.com\/temasdoctrinales\/wp-json\/wp\/v2\/types\/page"}],"author":[{"embeddable":true,"href":"https:\/\/lldmnow.com\/temasdoctrinales\/wp-json\/wp\/v2\/users\/1"}],"replies":[{"embeddable":true,"href":"https:\/\/lldmnow.com\/temasdoctrinales\/wp-json\/wp\/v2\/comments?post=9905"}],"version-history":[{"count":0,"href":"https:\/\/lldmnow.com\/temasdoctrinales\/wp-json\/wp\/v2\/pages\/9905\/revisions"}],"wp:attachment":[{"href":"https:\/\/lldmnow.com\/temasdoctrinales\/wp-json\/wp\/v2\/media?parent=9905"}],"curies":[{"name":"wp","href":"https:\/\/api.w.org\/{rel}","templated":true}]}}